{"id":13,"date":"2024-11-12T08:00:09","date_gmt":"2024-11-12T08:00:09","guid":{"rendered":"https:\/\/luzia.codetec.pt\/?page_id=13"},"modified":"2024-11-17T10:18:09","modified_gmt":"2024-11-17T10:18:09","slug":"refund_returns","status":"publish","type":"page","link":"https:\/\/luzialisbon.com\/en\/refund_returns\/","title":{"rendered":"Return and refund policy"},"content":{"rendered":"<div data-elementor-type=\"wp-page\" data-elementor-id=\"13\" class=\"elementor elementor-13\" data-elementor-post-type=\"page\">\n\t\t\t\t<div class=\"elementor-element elementor-element-18d6407 e-flex e-con-boxed elementor-invisible e-con e-parent\" data-id=\"18d6407\" data-element_type=\"container\" data-e-type=\"container\" data-settings=\"{&quot;animation&quot;:&quot;fadeInUp&quot;}\">\n\t\t\t\t\t<div class=\"e-con-inner\">\n\t\t\t\t<div class=\"elementor-element elementor-element-93e4c31 elementor-widget elementor-widget-heading\" data-id=\"93e4c31\" data-element_type=\"widget\" data-e-type=\"widget\" data-widget_type=\"heading.default\">\n\t\t\t\t<div class=\"elementor-widget-container\">\n\t\t\t\t\t<h2 class=\"elementor-heading-title elementor-size-default\">Return and refund policy<\/h2>\t\t\t\t<\/div>\n\t\t\t\t<\/div>\n\t\t\t\t\t<\/div>\n\t\t\t\t<\/div>\n\t\t<div class=\"elementor-element elementor-element-49ad8b3 animated-slow e-flex e-con-boxed elementor-invisible e-con e-parent\" data-id=\"49ad8b3\" data-element_type=\"container\" data-e-type=\"container\" data-settings=\"{&quot;animation&quot;:&quot;fadeIn&quot;}\">\n\t\t\t\t\t<div class=\"e-con-inner\">\n\t\t\t\t<div class=\"elementor-element elementor-element-39aac26 elementor-widget elementor-widget-text-editor\" data-id=\"39aac26\" data-element_type=\"widget\" data-e-type=\"widget\" data-widget_type=\"text-editor.default\">\n\t\t\t\t<div class=\"elementor-widget-container\">\n\t\t\t\t\t\t\t\t\tWe value the total satisfaction of our customers. If for any reason you are not completely satisfied with your order, you can exchange or return it, just send us an email to <a style=\"color: #000000;\" href=\"mailto:contact@luzialisbon.com\">contact@luzialisbon.com<\/a>\n\t<br><br>\nThe item(s) must be sent in their original packaging, with all the components present, accompanied by the original invoice.\n\t\t<br><br>\nUnder the terms of Decree-Law no. 24\/2014, of February 14, the Customer has a period of 14 days after receipt of the order at the address chosen by the Customer, to return or exchange their item(s) if they find that they have defects or other non-conformities in relation to the products ordered, or for simple withdrawal, without the need to expressly state the reason.\n\t<br><br>\nIf the Customer decides to exchange or return the item(s) purchased, Luzia Lisbon reserves the right not to accept them if they show signs of use, have been washed, do not have a label in the original condition or are in any way damaged by misuse.\n\t<br><br>\n<strong>For exchanges and returns outside mainland Portugal<\/strong>, the item(s) must be sent in their original packaging, with all the components present, accompanied by the original invoice, to the following address:\t<br><br>\nLuzia Lisbon<br>\nRua Jos\u00e9 Maria Nicolau 6, 2D<br>\n1500-662 Lisboa &#8211; Portugal<br>\n\t<br><br>\nThe shipping costs associated with the exchange\/return will be the responsibility of the customer. Luzia Lisbon accepts no responsibility in the event of loss or damage to the returned product.\n\t<br><br>\nOnce we have received the item(s) you wish to exchange or return at our premises, we will process them within a maximum of five working days. If the return is confirmed, the amount will be refunded to you using the same payment method.\n\t\t<br><br>\nRefunds will only be made to the account\/card from which the purchase was made.\n\t<br><br>\nIf you have any further questions, please contact us at <a style=\"color: #000000;\" href=\"mailto:contact@luzialisbon.com\">contact@luzialisbon.com<\/a> within 14 days of receiving your order, indicating the order number or sending the purchase invoice.\t\t\t\t\t\t\t\t<\/div>\n\t\t\t\t<\/div>\n\t\t\t\t\t<\/div>\n\t\t\t\t<\/div>\n\t\t\t\t<\/div>","protected":false},"excerpt":{"rendered":"<p>Pol\u00edtica de devolu\u00e7\u00e3o e reembolso Prezamos pela total satisfa\u00e7\u00e3o dos nossos clientes. Se por alguma raz\u00e3o n\u00e3o estiver totalmente satisfeita com a sua encomenda, pode proceder \u00e0 troca ou devolu\u00e7\u00e3o da mesma, basta enviar-nos um email para contact@luzialisbon.com O(s) artigo(s) descer\u00e1(\u00e3o) ser enviado(s) na sua embalagem original, com todos os respetivos componentes a\u00ed presentes, acompanhados [&hellip;]<\/p>","protected":false},"author":1,"featured_media":0,"parent":0,"menu_order":0,"comment_status":"closed","ping_status":"closed","template":"elementor_header_footer","meta":{"footnotes":""},"class_list":["post-13","page","type-page","status-publish","hentry"],"_links":{"self":[{"href":"https:\/\/luzialisbon.com\/en\/wp-json\/wp\/v2\/pages\/13","targetHints":{"allow":["GET"]}}],"collection":[{"href":"https:\/\/luzialisbon.com\/en\/wp-json\/wp\/v2\/pages"}],"about":[{"href":"https:\/\/luzialisbon.com\/en\/wp-json\/wp\/v2\/types\/page"}],"author":[{"embeddable":true,"href":"https:\/\/luzialisbon.com\/en\/wp-json\/wp\/v2\/users\/1"}],"replies":[{"embeddable":true,"href":"https:\/\/luzialisbon.com\/en\/wp-json\/wp\/v2\/comments?post=13"}],"version-history":[{"count":27,"href":"https:\/\/luzialisbon.com\/en\/wp-json\/wp\/v2\/pages\/13\/revisions"}],"predecessor-version":[{"id":632,"href":"https:\/\/luzialisbon.com\/en\/wp-json\/wp\/v2\/pages\/13\/revisions\/632"}],"wp:attachment":[{"href":"https:\/\/luzialisbon.com\/en\/wp-json\/wp\/v2\/media?parent=13"}],"curies":[{"name":"wp","href":"https:\/\/api.w.org\/{rel}","templated":true}]}}