{"id":32,"date":"2024-11-12T00:18:13","date_gmt":"2024-11-12T00:18:13","guid":{"rendered":"https:\/\/luzia.codetec.pt\/?page_id=32"},"modified":"2024-11-14T22:22:27","modified_gmt":"2024-11-14T22:22:27","slug":"a-nossa-historia","status":"publish","type":"page","link":"https:\/\/luzialisbon.com\/en\/a-nossa-historia\/","title":{"rendered":"Our story"},"content":{"rendered":"<div data-elementor-type=\"wp-page\" data-elementor-id=\"32\" class=\"elementor elementor-32\" data-elementor-post-type=\"page\">\n\t\t\t\t<div class=\"elementor-element elementor-element-6cc121f e-flex e-con-boxed elementor-invisible e-con e-parent\" data-id=\"6cc121f\" data-element_type=\"container\" data-e-type=\"container\" data-settings=\"{&quot;animation&quot;:&quot;fadeInUp&quot;}\">\n\t\t\t\t\t<div class=\"e-con-inner\">\n\t\t\t\t<div class=\"elementor-element elementor-element-73d7e21 elementor-widget elementor-widget-heading\" data-id=\"73d7e21\" data-element_type=\"widget\" data-e-type=\"widget\" data-widget_type=\"heading.default\">\n\t\t\t\t<div class=\"elementor-widget-container\">\n\t\t\t\t\t<h2 class=\"elementor-heading-title elementor-size-default\">Our History<\/h2>\t\t\t\t<\/div>\n\t\t\t\t<\/div>\n\t\t\t\t\t<\/div>\n\t\t\t\t<\/div>\n\t\t<div class=\"elementor-element elementor-element-e2fa28c animated-slow e-flex e-con-boxed elementor-invisible e-con e-parent\" data-id=\"e2fa28c\" data-element_type=\"container\" data-e-type=\"container\" data-settings=\"{&quot;animation&quot;:&quot;fadeIn&quot;}\">\n\t\t\t\t\t<div class=\"e-con-inner\">\n\t\t\t\t<div class=\"elementor-element elementor-element-52cd9e3 elementor-widget elementor-widget-text-editor\" data-id=\"52cd9e3\" data-element_type=\"widget\" data-e-type=\"widget\" data-widget_type=\"text-editor.default\">\n\t\t\t\t<div class=\"elementor-widget-container\">\n\t\t\t\t\t\t\t\t\t<p>Luzia was born with the mission of providing an elegant alternative to the traditional lunchboxes available on the market. We are a brand that breathes functionality, sustainability and style.<\/p>\t\t\t\t\t\t\t\t<\/div>\n\t\t\t\t<\/div>\n\t\t\t\t\t<\/div>\n\t\t\t\t<\/div>\n\t\t\t\t<\/div>","protected":false},"excerpt":{"rendered":"<p>A Nossa Hist\u00f3ria A Luzia nasce com a miss\u00e3o de proporcionar uma alternativa elegante \u00e0s\u00a0lancheiras tradicionais dispon\u00edveis no mercado. Somos uma marca que respira funcionalidade, sustentabilidade e estilo.<\/p>","protected":false},"author":1,"featured_media":0,"parent":0,"menu_order":0,"comment_status":"closed","ping_status":"closed","template":"elementor_header_footer","meta":{"footnotes":""},"class_list":["post-32","page","type-page","status-publish","hentry"],"_links":{"self":[{"href":"https:\/\/luzialisbon.com\/en\/wp-json\/wp\/v2\/pages\/32","targetHints":{"allow":["GET"]}}],"collection":[{"href":"https:\/\/luzialisbon.com\/en\/wp-json\/wp\/v2\/pages"}],"about":[{"href":"https:\/\/luzialisbon.com\/en\/wp-json\/wp\/v2\/types\/page"}],"author":[{"embeddable":true,"href":"https:\/\/luzialisbon.com\/en\/wp-json\/wp\/v2\/users\/1"}],"replies":[{"embeddable":true,"href":"https:\/\/luzialisbon.com\/en\/wp-json\/wp\/v2\/comments?post=32"}],"version-history":[{"count":28,"href":"https:\/\/luzialisbon.com\/en\/wp-json\/wp\/v2\/pages\/32\/revisions"}],"predecessor-version":[{"id":559,"href":"https:\/\/luzialisbon.com\/en\/wp-json\/wp\/v2\/pages\/32\/revisions\/559"}],"wp:attachment":[{"href":"https:\/\/luzialisbon.com\/en\/wp-json\/wp\/v2\/media?parent=32"}],"curies":[{"name":"wp","href":"https:\/\/api.w.org\/{rel}","templated":true}]}}