{"id":469,"date":"2024-11-14T16:42:46","date_gmt":"2024-11-14T16:42:46","guid":{"rendered":"https:\/\/luzia.codetec.pt\/?page_id=469"},"modified":"2024-11-17T10:12:03","modified_gmt":"2024-11-17T10:12:03","slug":"politica-de-cookies","status":"publish","type":"page","link":"https:\/\/luzialisbon.com\/en\/politica-de-cookies\/","title":{"rendered":"Pol\u00edtica de cookies"},"content":{"rendered":"<div data-elementor-type=\"wp-page\" data-elementor-id=\"469\" class=\"elementor elementor-469\" data-elementor-post-type=\"page\">\n\t\t\t\t<div class=\"elementor-element elementor-element-f268c72 e-flex e-con-boxed elementor-invisible e-con e-parent\" data-id=\"f268c72\" data-element_type=\"container\" data-e-type=\"container\" data-settings=\"{&quot;animation&quot;:&quot;fadeInUp&quot;}\">\n\t\t\t\t\t<div class=\"e-con-inner\">\n\t\t\t\t<div class=\"elementor-element elementor-element-6817918 elementor-widget elementor-widget-heading\" data-id=\"6817918\" data-element_type=\"widget\" data-e-type=\"widget\" data-widget_type=\"heading.default\">\n\t\t\t\t<div class=\"elementor-widget-container\">\n\t\t\t\t\t<h2 class=\"elementor-heading-title elementor-size-default\">Cookie Policy<\/h2>\t\t\t\t<\/div>\n\t\t\t\t<\/div>\n\t\t\t\t\t<\/div>\n\t\t\t\t<\/div>\n\t\t<div class=\"elementor-element elementor-element-dc84d16 animated-slow e-flex e-con-boxed elementor-invisible e-con e-parent\" data-id=\"dc84d16\" data-element_type=\"container\" data-e-type=\"container\" data-settings=\"{&quot;animation&quot;:&quot;fadeIn&quot;}\">\n\t\t\t\t\t<div class=\"e-con-inner\">\n\t\t\t\t<div class=\"elementor-element elementor-element-95cda89 elementor-widget elementor-widget-text-editor\" data-id=\"95cda89\" data-element_type=\"widget\" data-e-type=\"widget\" data-widget_type=\"text-editor.default\">\n\t\t\t\t<div class=\"elementor-widget-container\">\n\t\t\t\t\t\t\t\t\t<u><b>What are cookies?<\/b><\/u>\n<br><br>\nCookies are files (text files) that contain small amounts of information. This information is downloaded and stored on the user's device, via their browser, when they visit a web page, retaining only information related to the user's preferences, thus providing a more personalized experience on the site.\n<br><br>\n<u><b>What are cookies for?<\/b><\/u>\n<br><br>\nCookies are used to help determine the usefulness, interest and number of uses of web pages, allowing faster, more efficient and better quality browsing, eliminating the need to repeatedly enter the same information.\nCookies are essential for the functioning of the Internet and do not damage your equipment or device and, if they are activated in the configuration of your browser, they help not only to identify but also to resolve possible errors in the operation of the website.\n<br><br>\n<u><b>Do I have to accept the use of cookies?<\/b><\/u>\n<br><br>\nIt is important to note that the use of cookies is essential for the correct functioning of the website as a whole, so their acceptance is recommended.\nHowever, you can always prevent the setting of cookies by adjusting the settings in your browser(s) (you should consult the \u201cHelp\u201d section of your browser, which will show you how to disable cookies).\nPlease note that disabling cookies will affect the functionality of this and many other websites you visit.\n<br><br>\nYou can find more specific information on how to manage cookie preferences for the most popular browsers at:\n<ul>\n \t<li><a style=\"color: #000000;\" href=\"https:\/\/support.microsoft.com\/pt-pt\/help\/17442\/windows-internet-explorer-delete-manage-cookies\" target=\"_blank\" rel=\"noopener\">Microsoft Edge<\/a><\/li>\n \t<li><a style=\"color: #000000;\" href=\"https:\/\/support.google.com\/chrome\/answer\/95647?hl=pt&amp;topic=14666&amp;ctx=topic\" target=\"_blank\" rel=\"noopener\">Google Chrome<\/a><\/li>\n \t<li><a style=\"color: #000000;\" href=\"https:\/\/support.mozilla.org\/pt-PT\/products\/firefox\/protect-your-privacy\/cookies\" target=\"_blank\" rel=\"noopener\">Mozilla Firefox<\/a><\/li>\n \t<li><a style=\"color: #000000;\" href=\"https:\/\/support.microsoft.com\/pt-pt\/help\/17442\/windows-internet-explorer-delete-manage-cookies\" target=\"_blank\" rel=\"noopener\">Microsoft Internet Explorer<\/a><\/li>\n \t<li><a style=\"color: #000000;\" href=\"https:\/\/help.opera.com\/en\/latest\/web-preferences\/\" target=\"_blank\" rel=\"noopener\">Opera<\/a><\/li>\n \t<li><a style=\"color: #000000;\" href=\"https:\/\/support.apple.com\/pt-pt\/HT201265\" target=\"_blank\" rel=\"noopener\">Apple Safari<\/a><\/li>\n<\/ul><br><br>\nYou can always find information on cookie management for other browsers by visiting the provider's website.\n<br><br>\nThere is a \u201cdo-not-track\u201d feature in most browsers (Chrome, Internet Explorer, Mozzila Firefox, among others) that allows visitors not to be tracked.\t\t\t\t\t\t\t\t\t<\/div>\n\t\t\t\t<\/div>\n\t\t\t\t\t<\/div>\n\t\t\t\t<\/div>\n\t\t\t\t<\/div>","protected":false},"excerpt":{"rendered":"<p>Pol\u00edtica de Cookies O que s\u00e3o cookies? Os cookies s\u00e3o arquivos (ficheiros de texto) que cont\u00eam pequenas quantidades de informa\u00e7\u00e3o. Essa informa\u00e7\u00e3o \u00e9 descarregada e armazenada no dispositivo do utilizador, atrav\u00e9s do seu browser, quando visita uma p\u00e1gina da Web, retendo apenas informa\u00e7\u00e3o relacionada com as prefer\u00eancias do utilizador, proporcionando assim uma experi\u00eancia mais personalizada [&hellip;]<\/p>","protected":false},"author":1,"featured_media":0,"parent":0,"menu_order":0,"comment_status":"closed","ping_status":"closed","template":"","meta":{"footnotes":""},"class_list":["post-469","page","type-page","status-publish","hentry"],"_links":{"self":[{"href":"https:\/\/luzialisbon.com\/en\/wp-json\/wp\/v2\/pages\/469","targetHints":{"allow":["GET"]}}],"collection":[{"href":"https:\/\/luzialisbon.com\/en\/wp-json\/wp\/v2\/pages"}],"about":[{"href":"https:\/\/luzialisbon.com\/en\/wp-json\/wp\/v2\/types\/page"}],"author":[{"embeddable":true,"href":"https:\/\/luzialisbon.com\/en\/wp-json\/wp\/v2\/users\/1"}],"replies":[{"embeddable":true,"href":"https:\/\/luzialisbon.com\/en\/wp-json\/wp\/v2\/comments?post=469"}],"version-history":[{"count":22,"href":"https:\/\/luzialisbon.com\/en\/wp-json\/wp\/v2\/pages\/469\/revisions"}],"predecessor-version":[{"id":622,"href":"https:\/\/luzialisbon.com\/en\/wp-json\/wp\/v2\/pages\/469\/revisions\/622"}],"wp:attachment":[{"href":"https:\/\/luzialisbon.com\/en\/wp-json\/wp\/v2\/media?parent=469"}],"curies":[{"name":"wp","href":"https:\/\/api.w.org\/{rel}","templated":true}]}}