{"id":55,"date":"2024-11-12T07:50:34","date_gmt":"2024-11-12T07:50:34","guid":{"rendered":"https:\/\/luzia.codetec.pt\/?page_id=55"},"modified":"2024-11-17T10:32:38","modified_gmt":"2024-11-17T10:32:38","slug":"termos-e-condicoes","status":"publish","type":"page","link":"https:\/\/luzialisbon.com\/en\/termos-e-condicoes\/","title":{"rendered":"Terms &amp; Conditions"},"content":{"rendered":"<div data-elementor-type=\"wp-page\" data-elementor-id=\"55\" class=\"elementor elementor-55\" data-elementor-post-type=\"page\">\n\t\t\t\t<div class=\"elementor-element elementor-element-5ee3d8e e-flex e-con-boxed elementor-invisible e-con e-parent\" data-id=\"5ee3d8e\" data-element_type=\"container\" data-e-type=\"container\" data-settings=\"{&quot;animation&quot;:&quot;fadeInUp&quot;}\">\n\t\t\t\t\t<div class=\"e-con-inner\">\n\t\t\t\t<div class=\"elementor-element elementor-element-750c64f elementor-widget elementor-widget-heading\" data-id=\"750c64f\" data-element_type=\"widget\" data-e-type=\"widget\" data-widget_type=\"heading.default\">\n\t\t\t\t<div class=\"elementor-widget-container\">\n\t\t\t\t\t<h2 class=\"elementor-heading-title elementor-size-default\">Terms &amp; Conditions<\/h2>\t\t\t\t<\/div>\n\t\t\t\t<\/div>\n\t\t\t\t\t<\/div>\n\t\t\t\t<\/div>\n\t\t<div class=\"elementor-element elementor-element-5ba20ca animated-slow e-flex e-con-boxed elementor-invisible e-con e-parent\" data-id=\"5ba20ca\" data-element_type=\"container\" data-e-type=\"container\" data-settings=\"{&quot;animation&quot;:&quot;fadeIn&quot;}\">\n\t\t\t\t\t<div class=\"e-con-inner\">\n\t\t\t\t<div class=\"elementor-element elementor-element-1e5350a elementor-widget elementor-widget-text-editor\" data-id=\"1e5350a\" data-element_type=\"widget\" data-e-type=\"widget\" data-widget_type=\"text-editor.default\">\n\t\t\t\t<div class=\"elementor-widget-container\">\n\t\t\t\t\t\t\t\t\t\t<u><b>1. GENERAL TERMS &amp; CONDITIONS<\/b><\/u>\n<br><br>\nThis document establishes the General Conditions of Use and the General Conditions of Online Sale of the Luzia Lisbon website. Browsing the website and\/or purchasing any product through it implies acceptance of these General Conditions.\n\t<br><br>\n\t<u><b>1.1 Ownership of the Online Shop<\/b><\/u>\n    <br><br>\nThe domain and online store are available at <a style=\"color: #000000;\" href=\"https:\/\/luzialisbon.com\/en\/\">www.luzialisbon.com<\/a> (hereinafter referred to as the \u201conline store\u201d or \u201cwebsite\u201d) is the property of Nuvem Malabarista, Lda, with registered office at Rua Jos\u00e9 Maria Nicolau 6, 2D 1500-662 Lisboa - Portugal, with VAT number 517429640 and owner of the Luzia brand.\n\t<br><br>\n\t<u><b>1.2 Scope of application<\/b><\/u>\n\t<br><br>\nThese General Conditions regulate the visit\/browsing and the purchase and sale operations carried out in the online store, between any natural person who uses it for a purely personal purpose, as a final consumer, with no intention of reselling the items they purchase there, and Luzia Lisbon as the party responsible for marketing its products through this online store.\n\t<br><br>\nThe User undertakes to use this website in compliance with the provisions of the applicable legislation, refraining from using the page for activities contrary to the law, morality and good customs, or the rights and interests of third parties.\n\t<br><br>\nAll brands, distinctive signs, images, texts, photographs and any other work reproduced or represented in the online store are considered intellectual property of Luzia Lisbon and, as such, are protected by the rules of Industrial Property Law. Any total or partial reproduction or representation of the website or any elements on it is therefore prohibited.\n\t<br><br>\n\t<u><b>1.3 Amendments to these Conditions<\/b><\/u>\n<br><br>\t\nLuzia Lisbon reserves the right to freely modify the General Conditions at any time in order to adapt them to the applicable legislation, without the need for any prior notice.\n<br><br>\nIt also reserves the right to unilaterally modify, at any time and without prior notice, the presentation and content of the website regarding products, prices, promotions, commercial conditions and services. These modifications will serve to improve the website, while at the same time improving the services offered to the User.\n<br><br>\nDespite all the care taken in preparing the contents of the website, the information, texts, graphic documents and\/or other services may contain errors or be incomplete. In these situations, Luzia Lisbon cannot be held responsible for any damage resulting from the use (or inability to use) the website, including damage caused by viruses or any inaccuracy or imperfection of the information.\n<br><br>\n\t<u><b>1.4 Commercial policy<\/b><\/u>\n<br><br>\t\t\nThe sale underlying each order placed by the Customer is made under reservation of title, whereby the products remain the property of Luzia Lisbon until full and effective payment of the amount due.\n\t<br><br>\n\t<u><b>1.5 Product information<\/b><\/u>\n<br><br>\t\t\nLuzia Lisbon takes into account information on the essential characteristics of the products through technical descriptions shared by its suppliers, and photographs illustrating the products sold.\n<br><br>\nThe images and photographs of the products, although trying to be as accurate as possible, are merely illustrative, so the Customer should consider the possibility of differences in color, appearance of shape\/form, which may also be due to the monitor and web browser used by the Customer.\u00a0\n\t<br><br>\t\n\t<u><b>1.6 Price information<\/b><\/u>\n<br><br>\t\t\t\nThe retail prices indicated in the online store are shown in euros (\u20ac) and are subject to Value Added Tax (VAT) at the legal rate in force. Unless otherwise stated, the advertised prices include VAT.\n<br><br>\t\nShipping costs are borne by Luzia Lisbon for purchases of \u20ac200 or more and delivery to mainland Portugal and the islands. For purchases of less than this amount or for deliveries to any other territory, the shipping costs are as indicated below.\n<br><br>\t\nFor any purchase of less than \u20ac200 or with delivery to other territories, the shipping service costs are borne by the User\/Buyer and are added to the total value of the products selected. The User will be informed of these charges before confirming their order and completing the purchase process.\n<br><br>\t\nLuzia Lisbon reserves the right to change prices at any time. However, it undertakes to apply the rates and prices indicated when the purchase order was placed.\n<br><br>\t\nIn the event of a computer, manual, technical or other error causing a substantial change not foreseen by Luzia Lisbon in the retail price, the purchase order will be considered invalid and cancelled.\n<br><br>\t\nThe price of the products is that stipulated on the Luzia Lisbon website. Although every effort is made to ensure that the prices published on the website are correct, errors may occur. If Luzia Lisbon detects an error in a price, the Customer will be informed and given the option of confirming their order with the correct price or canceling it. If it is not possible to contact the Customer, Luzia Lisbon will consider the order canceled and all amounts paid will be refunded in full.\n<br><br>\t\nShipping fees are calculated per order, and the exact price of the shipping fee will depend on the country where your order will be delivered.\t\n<br><br>\n\t\t<u><b>1.7 Buying process<\/b><\/u>\n<br><br>\t\t\t\nTo place a purchase order, go to www.luzialisbon.com and follow the steps below.\n<br><br>\n\t\t<u><b>1.8 Register<\/b><\/u>\n<br><br>\t\t\nAs an initial step, the User\/Buyer must register as a Customer on the website www.luzialisbon.com by filling in the electronic form following the instructions for each step. Once registered, the User can proceed to purchase their product(s).\n<br><br>\nIt is the Customer's responsibility to ensure that all the necessary data is provided correctly and completely, as only in this way can Luzia Lisbon guarantee acceptance of the order and subsequent delivery.\n<br><br>\n\t<u><b>1.9 Ordering<\/b><\/u>\n<br><br>\t\nWhile browsing the online store, the Customer will be able to see all the available items and variants, and can select those that best suit their purchasing needs. They must insert the items they wish to purchase into the virtual shopping basket and can, whenever they wish, delete any of the items previously inserted there, without prejudice to ordering other products. Once you have finished choosing, you should review your order and check that it is in order and finalize the process. You should then proceed with payment, thus confirming your order.\n<br><br>\nThe fulfillment of all orders placed on the site is subject to product availability. Luzia Lisbon tries to ensure that all items offered for sale on the site are in stock. However, Luzia Lisbon reserves the right not to accept any orders or to cancel orders already confirmed for products that are no longer in stock. In the event of product unavailability and\/or out of stock, Luzia Lisbon will immediately inform the Customer of the partial or total cancellation of their order, and the Customer is entitled, if applicable, to a refund of the respective amount paid.\t\t\t\t\t\t\t\t<\/div>\n\t\t\t\t<\/div>\n\t\t\t\t\t<\/div>\n\t\t\t\t<\/div>\n\t\t\t\t<\/div>","protected":false},"excerpt":{"rendered":"<p>Termos e Condi\u00e7\u00f5es 1. TERMOS &#038; CONDI\u00c7\u00d5ES GERAIS O presente documento estabelece as Condi\u00e7\u00f5es Gerais de Utiliza\u00e7\u00e3o e as Condi\u00e7\u00f5es Gerais de Venda Online da p\u00e1gina web da Luzia Lisbon A navega\u00e7\u00e3o no website e\/ou compra de qualquer produto atrav\u00e9s do mesmo implica a aceita\u00e7\u00e3o das presentes Condi\u00e7\u00f5es Gerais. 1.1 Titularidade da Loja Online O [&hellip;]<\/p>","protected":false},"author":1,"featured_media":0,"parent":0,"menu_order":0,"comment_status":"closed","ping_status":"closed","template":"elementor_header_footer","meta":{"footnotes":""},"class_list":["post-55","page","type-page","status-publish","hentry"],"_links":{"self":[{"href":"https:\/\/luzialisbon.com\/en\/wp-json\/wp\/v2\/pages\/55","targetHints":{"allow":["GET"]}}],"collection":[{"href":"https:\/\/luzialisbon.com\/en\/wp-json\/wp\/v2\/pages"}],"about":[{"href":"https:\/\/luzialisbon.com\/en\/wp-json\/wp\/v2\/types\/page"}],"author":[{"embeddable":true,"href":"https:\/\/luzialisbon.com\/en\/wp-json\/wp\/v2\/users\/1"}],"replies":[{"embeddable":true,"href":"https:\/\/luzialisbon.com\/en\/wp-json\/wp\/v2\/comments?post=55"}],"version-history":[{"count":22,"href":"https:\/\/luzialisbon.com\/en\/wp-json\/wp\/v2\/pages\/55\/revisions"}],"predecessor-version":[{"id":636,"href":"https:\/\/luzialisbon.com\/en\/wp-json\/wp\/v2\/pages\/55\/revisions\/636"}],"wp:attachment":[{"href":"https:\/\/luzialisbon.com\/en\/wp-json\/wp\/v2\/media?parent=55"}],"curies":[{"name":"wp","href":"https:\/\/api.w.org\/{rel}","templated":true}]}}