{"id":138,"date":"2024-11-12T14:21:48","date_gmt":"2024-11-12T14:21:48","guid":{"rendered":"https:\/\/luzia.codetec.pt\/?post_type=product&#038;p=138"},"modified":"2024-12-19T11:47:54","modified_gmt":"2024-12-19T11:47:54","slug":"mala-marga","status":"publish","type":"product","link":"https:\/\/luzialisbon.com\/en\/product\/mala-marga\/","title":{"rendered":"Marga Bag"},"content":{"rendered":"<p>Carrying your own food wherever you go is faster, cheaper, healthier and now more chic. Yes, it's a lunch box... With a waterproof interior and leather exterior, you can take your food with you and no one will suspect what's inside. Marga Bag is perfect for fitting 2 boxes + drinks, and it cleans up easily (in case of accidental spills).<\/p>\n<ul>\n<li>Material: Leather<\/li>\n<li>Size: 30cm x 25cm x 17cm<\/li>\n<\/ul>","protected":false},"excerpt":{"rendered":"<p>Levar a sua pr\u00f3pria comida para onde quer que v\u00e1, \u00e9 mais r\u00e1pido, mais barato, mais saud\u00e1vel e agora mais chique. Sim, \u00e9 uma lancheira&#8230;<\/p>\n<ul>\n<li>Material: Leather<\/li>\n<li>Size: 30cm x 25cm x 17cm<\/li>\n<\/ul>","protected":false},"featured_media":770,"comment_status":"open","ping_status":"closed","template":"","meta":[],"product_brand":[],"product_cat":[15],"product_tag":[],"class_list":{"0":"post-138","1":"product","2":"type-product","3":"status-publish","4":"has-post-thumbnail","6":"product_cat-luzia-lisbon","8":"first","9":"instock","10":"taxable","11":"shipping-taxable","12":"purchasable","13":"product-type-variable"},"_links":{"self":[{"href":"https:\/\/luzialisbon.com\/en\/wp-json\/wp\/v2\/product\/138","targetHints":{"allow":["GET"]}}],"collection":[{"href":"https:\/\/luzialisbon.com\/en\/wp-json\/wp\/v2\/product"}],"about":[{"href":"https:\/\/luzialisbon.com\/en\/wp-json\/wp\/v2\/types\/product"}],"replies":[{"embeddable":true,"href":"https:\/\/luzialisbon.com\/en\/wp-json\/wp\/v2\/comments?post=138"}],"wp:featuredmedia":[{"embeddable":true,"href":"https:\/\/luzialisbon.com\/en\/wp-json\/wp\/v2\/media\/770"}],"wp:attachment":[{"href":"https:\/\/luzialisbon.com\/en\/wp-json\/wp\/v2\/media?parent=138"}],"wp:term":[{"taxonomy":"product_brand","embeddable":true,"href":"https:\/\/luzialisbon.com\/en\/wp-json\/wp\/v2\/product_brand?post=138"},{"taxonomy":"product_cat","embeddable":true,"href":"https:\/\/luzialisbon.com\/en\/wp-json\/wp\/v2\/product_cat?post=138"},{"taxonomy":"product_tag","embeddable":true,"href":"https:\/\/luzialisbon.com\/en\/wp-json\/wp\/v2\/product_tag?post=138"}],"curies":[{"name":"wp","href":"https:\/\/api.w.org\/{rel}","templated":true}]}}